{"id":726,"date":"2024-10-15T14:17:50","date_gmt":"2024-10-15T14:17:50","guid":{"rendered":"https:\/\/ecoinnovareformas.es\/datenschutzbestimmungen\/"},"modified":"2024-12-16T12:35:36","modified_gmt":"2024-12-16T12:35:36","slug":"datenschutzbestimmungen","status":"publish","type":"page","link":"https:\/\/ecoinnovareformas.es\/de\/datenschutzbestimmungen\/","title":{"rendered":"Datenschutzbestimmungen"},"content":{"rendered":"&#13;\n<h2 class=\"wp-block-heading\">Wer wir sind<\/h2>&#13;\n&#13;\n<p><strong class=\"privacy-policy-tutorial\">Unsere Website-Adresse lautet: https:\/\/ecoinnovareformas.es.<\/strong><\/p>&#13;\n&#13;\n<h2 class=\"wp-block-heading\">Kommentare<\/h2>&#13;\n&#13;\n<p><strong class=\"privacy-policy-tutorial\">Wenn Besucher Kommentare auf der Website hinterlassen, erfassen wir die Daten, die im Kommentarformular erscheinen, sowie die IP-Adresse des Besuchers und den User-Agent-String des Browsers, um die Spam-Erkennung zu unterst\u00fctzen.<\/strong><\/p>&#13;\n&#13;\n<p>Eine anonymisierte Zeichenfolge, die aus Ihrer E-Mail-Adresse erstellt wird (auch Hash genannt), kann dem Gravatar-Dienst zur Verf\u00fcgung gestellt werden, um zu sehen, ob Sie ihn benutzen. Die Datenschutzbestimmungen des Gravatar-Dienstes finden Sie hier: https:\/\/automattic.com\/privacy\/. Nach der Genehmigung Ihres Kommentars wird Ihr Profilbild im Zusammenhang mit Ihrem Kommentar \u00f6ffentlich sichtbar sein.  <\/p>&#13;\n&#13;\n<h2 class=\"wp-block-heading\">Die Medien<\/h2>&#13;\n&#13;\n<p><strong class=\"privacy-policy-tutorial\">Wenn Sie Bilder auf die Website hochladen, sollten Sie es vermeiden, Bilder hochzuladen, die eingebettete Standortdaten (EXIF-GPS) enthalten. Website-Besucher k\u00f6nnen alle Standortdaten von Bildern auf der Website herunterladen und extrahieren. <\/strong> <\/p>&#13;\n&#13;\n<h2 class=\"wp-block-heading\">Cookies<\/h2>&#13;\n&#13;\n<p><strong class=\"privacy-policy-tutorial\">Wenn Sie einen Kommentar auf unserer Website hinterlassen, k\u00f6nnen Sie festlegen, dass Ihr Name, Ihre E-Mail-Adresse und Ihre Website in Cookies gespeichert werden. Dies dient Ihrer Bequemlichkeit, damit Sie Ihre Daten nicht erneut eingeben m\u00fcssen, wenn Sie einen weiteren Kommentar hinterlassen. Diese Cookies bleiben ein Jahr lang gespeichert.  <\/strong>  <\/p>&#13;\n&#13;\n<p>Wenn Sie unsere Anmeldeseite besuchen, setzen wir ein tempor\u00e4res Cookie, um festzustellen, ob Ihr Browser Cookies zul\u00e4sst. Dieses Cookie enth\u00e4lt keine pers\u00f6nlichen Daten und wird gel\u00f6scht, wenn Sie Ihren Browser schlie\u00dfen.  <\/p>&#13;\n&#13;\n<p>Wenn Sie sich anmelden, setzen wir auch eine Reihe von Cookies, um Ihre Anmeldeinformationen und Bildschirmoptionen zu speichern. Anmelde-Cookies bleiben zwei Tage lang gespeichert, Cookies f\u00fcr Anzeigeoptionen ein Jahr lang. Wenn Sie \u201eRemember me\u201c w\u00e4hlen, bleiben Ihre Anmeldedaten zwei Wochen lang gespeichert. Wenn Sie sich von Ihrem Konto abmelden, werden Ihre Anmelde-Cookies gel\u00f6scht.    <\/p>&#13;\n&#13;\n<p>Wenn Sie einen Artikel bearbeiten oder ver\u00f6ffentlichen, wird ein zus\u00e4tzliches Cookie in Ihrem Browser gespeichert. Dieses Cookie enth\u00e4lt keine pers\u00f6nlichen Daten, sondern zeigt lediglich die Ver\u00f6ffentlichungs-ID des Artikels an, den Sie gerade bearbeitet haben. Er verf\u00e4llt nach 1 Tag.   <\/p>&#13;\n&#13;\n<h2 class=\"wp-block-heading\">Eingebettete Inhalte von anderen Websites<\/h2>&#13;\n&#13;\n<p><strong class=\"privacy-policy-tutorial\">Wenn Sie ein neues Passwort anfordern, wird Ihre IP-Adresse in der E-Mail mit dem neuen Passwort angegeben.<\/strong> <\/p>&#13;\n&#13;\n<p>Diese Websites k\u00f6nnen Daten \u00fcber Sie sammeln, Cookies verwenden, zus\u00e4tzliche Verfolgungen von Dritten einbetten und Ihre Interaktion mit diesen eingebetteten Inhalten \u00fcberwachen, einschlie\u00dflich der Verfolgung Ihrer Interaktion mit den eingebetteten Inhalten, wenn Sie ein Konto haben und auf dieser Website angemeldet sind.<\/p>&#13;\n&#13;\n<h2 class=\"wp-block-heading\">An wen wir Ihre Daten weitergeben<\/h2>&#13;\n&#13;\n<p><strong class=\"privacy-policy-tutorial\">Wenn Sie ein neues Passwort anfordern, wird Ihre IP-Adresse in der E-Mail mit dem neuen Passwort angegeben.<\/strong><\/p>&#13;\n&#13;\n<h2 class=\"wp-block-heading\">Wie lange wir Ihre Daten aufbewahren<\/h2>&#13;\n&#13;\n<p><strong class=\"privacy-policy-tutorial\">Wenn Sie einen Kommentar hinterlassen, werden der Kommentar und seine Metadaten auf unbestimmte Zeit gespeichert. Auf diese Weise k\u00f6nnen wir nachfolgende Kommentare automatisch erkennen und genehmigen, anstatt sie in einer Moderationswarteschlange zu halten. <\/strong> <\/p>&#13;\n&#13;\n<p>Im Falle von Nutzern, die sich auf unserer Website registrieren (falls vorhanden), speichern wir auch die pers\u00f6nlichen Daten, die sie in ihrem Nutzerprofil angeben. Alle Nutzer k\u00f6nnen ihre pers\u00f6nlichen Daten jederzeit einsehen, bearbeiten oder l\u00f6schen (au\u00dfer dass sie ihren Nutzernamen nicht \u00e4ndern k\u00f6nnen). Auch die Administratoren der Website k\u00f6nnen diese Informationen einsehen und bearbeiten.   <\/p>&#13;\n&#13;\n<h2 class=\"wp-block-heading\">Welche Rechte Sie an Ihren Daten haben<\/h2>&#13;\n&#13;\n<p><strong class=\"privacy-policy-tutorial\">Wenn Sie ein Konto auf dieser Website haben oder Kommentare hinterlassen haben, k\u00f6nnen Sie verlangen, dass wir Ihnen eine exportierte Datei der personenbezogenen Daten, die wir \u00fcber Sie gespeichert haben, zusenden, einschlie\u00dflich aller personenbezogenen Daten, die Sie uns zur Verf\u00fcgung gestellt haben. Sie k\u00f6nnen auch verlangen, dass wir alle personenbezogenen Daten, die wir \u00fcber Sie gespeichert haben, l\u00f6schen. Dies gilt nicht f\u00fcr Daten, die wir aus verwaltungstechnischen, rechtlichen oder Sicherheitsgr\u00fcnden aufbewahren m\u00fcssen.  <\/strong>  <\/p>&#13;\n&#13;\n<h2 class=\"wp-block-heading\">Wohin Ihre Daten gesendet werden<\/h2>&#13;\n&#13;\n<p><strong class=\"privacy-policy-tutorial\">Besucherkommentare k\u00f6nnen durch einen automatischen Spam-Erkennungsdienst \u00fcberpr\u00fcft werden.<\/strong><\/p>&#13;\n<p>&nbsp;<\/p>\n","protected":false},"excerpt":{"rendered":"<p>&#13; Wer wir sind &#13; &#13; Unsere Website-Adresse lautet: https:\/\/ecoinnovareformas.es. &#13; &#13; Kommentare &#13; &#13; Wenn Besucher Kommentare auf der Website hinterlassen, erfassen wir die Daten, die im Kommentarformular erscheinen, sowie die IP-Adresse des Besuchers und den User-Agent-String des Browsers, um die Spam-Erkennung zu unterst\u00fctzen. &#13; &#13; Eine anonymisierte Zeichenfolge, die aus Ihrer E-Mail-Adresse erstellt [&hellip;]<\/p>\n","protected":false},"author":1,"featured_media":0,"parent":0,"menu_order":0,"comment_status":"closed","ping_status":"closed","template":"","meta":{"_acf_changed":false,"footnotes":""},"class_list":["post-726","page","type-page","status-publish","hentry"],"blocksy_meta":[],"acf":[],"_links":{"self":[{"href":"https:\/\/ecoinnovareformas.es\/de\/wp-json\/wp\/v2\/pages\/726","targetHints":{"allow":["GET"]}}],"collection":[{"href":"https:\/\/ecoinnovareformas.es\/de\/wp-json\/wp\/v2\/pages"}],"about":[{"href":"https:\/\/ecoinnovareformas.es\/de\/wp-json\/wp\/v2\/types\/page"}],"author":[{"embeddable":true,"href":"https:\/\/ecoinnovareformas.es\/de\/wp-json\/wp\/v2\/users\/1"}],"replies":[{"embeddable":true,"href":"https:\/\/ecoinnovareformas.es\/de\/wp-json\/wp\/v2\/comments?post=726"}],"version-history":[{"count":2,"href":"https:\/\/ecoinnovareformas.es\/de\/wp-json\/wp\/v2\/pages\/726\/revisions"}],"predecessor-version":[{"id":730,"href":"https:\/\/ecoinnovareformas.es\/de\/wp-json\/wp\/v2\/pages\/726\/revisions\/730"}],"wp:attachment":[{"href":"https:\/\/ecoinnovareformas.es\/de\/wp-json\/wp\/v2\/media?parent=726"}],"curies":[{"name":"wp","href":"https:\/\/api.w.org\/{rel}","templated":true}]}}